{"id":456,"date":"2023-08-28T22:14:12","date_gmt":"2023-08-28T20:14:12","guid":{"rendered":"https:\/\/solargen.si\/referenz\/"},"modified":"2024-08-19T13:13:57","modified_gmt":"2024-08-19T11:13:57","slug":"referenz","status":"publish","type":"page","link":"https:\/\/solargen.si\/de\/referenz\/","title":{"rendered":"Referenz"},"content":{"rendered":"\t\t<div data-elementor-type=\"wp-page\" data-elementor-id=\"456\" class=\"elementor elementor-456 elementor-107\" data-elementor-post-type=\"page\">\n\t\t\t\t\t\t<section class=\"elementor-section elementor-top-section elementor-element elementor-element-3905b7d2 elementor-section-boxed elementor-section-height-default elementor-section-height-default\" data-id=\"3905b7d2\" data-element_type=\"section\" data-e-type=\"section\" data-settings=\"{&quot;background_background&quot;:&quot;classic&quot;}\">\n\t\t\t\t\t\t\t<div class=\"elementor-background-overlay\"><\/div>\n\t\t\t\t\t\t\t<div class=\"elementor-container elementor-column-gap-default\">\n\t\t\t\t\t<div class=\"elementor-column elementor-col-100 elementor-top-column elementor-element elementor-element-6a197f85\" data-id=\"6a197f85\" data-element_type=\"column\" data-e-type=\"column\">\n\t\t\t<div class=\"elementor-widget-wrap elementor-element-populated\">\n\t\t\t\t\t\t<div class=\"elementor-element elementor-element-1b3687da elementor-invisible elementor-widget elementor-widget-heading\" data-id=\"1b3687da\" data-element_type=\"widget\" data-e-type=\"widget\" data-settings=\"{&quot;_animation&quot;:&quot;fadeInUp&quot;}\" data-widget_type=\"heading.default\">\n\t\t\t\t<div class=\"elementor-widget-container\">\n\t\t\t\t\t<h1 class=\"elementor-heading-title elementor-size-default\">Referenz<\/h1>\t\t\t\t<\/div>\n\t\t\t\t<\/div>\n\t\t\t\t<div class=\"elementor-element elementor-element-77c8d18d elementor-invisible elementor-widget elementor-widget-heading\" data-id=\"77c8d18d\" data-element_type=\"widget\" data-e-type=\"widget\" data-settings=\"{&quot;_animation&quot;:&quot;fadeInLeft&quot;}\" data-widget_type=\"heading.default\">\n\t\t\t\t<div class=\"elementor-widget-container\">\n\t\t\t\t\t<h3 class=\"elementor-heading-title elementor-size-default\">Unsere Referenzerfolge: Qualit\u00e4t, die \u00fcberzeugt!<\/h3>\t\t\t\t<\/div>\n\t\t\t\t<\/div>\n\t\t\t\t\t<\/div>\n\t\t<\/div>\n\t\t\t\t\t<\/div>\n\t\t<\/section>\n\t\t\t\t<section class=\"elementor-section elementor-top-section elementor-element elementor-element-326cf17f elementor-section-boxed elementor-section-height-default elementor-section-height-default\" data-id=\"326cf17f\" data-element_type=\"section\" data-e-type=\"section\">\n\t\t\t\t\t\t<div class=\"elementor-container elementor-column-gap-default\">\n\t\t\t\t\t<div class=\"elementor-column elementor-col-50 elementor-top-column elementor-element elementor-element-4a66ad9 elementor-invisible\" data-id=\"4a66ad9\" data-element_type=\"column\" data-e-type=\"column\" data-settings=\"{&quot;animation&quot;:&quot;fadeInLeft&quot;}\">\n\t\t\t<div class=\"elementor-widget-wrap elementor-element-populated\">\n\t\t\t\t\t\t<div class=\"elementor-element elementor-element-41b35674 elementor-widget elementor-widget-heading\" data-id=\"41b35674\" data-element_type=\"widget\" data-e-type=\"widget\" data-widget_type=\"heading.default\">\n\t\t\t\t<div class=\"elementor-widget-container\">\n\t\t\t\t\t<h6 class=\"elementor-heading-title elementor-size-default\">Unsere Referenzen<\/h6>\t\t\t\t<\/div>\n\t\t\t\t<\/div>\n\t\t\t\t<div class=\"elementor-element elementor-element-3d8050d elementor-widget elementor-widget-heading\" data-id=\"3d8050d\" data-element_type=\"widget\" data-e-type=\"widget\" data-widget_type=\"heading.default\">\n\t\t\t\t<div class=\"elementor-widget-container\">\n\t\t\t\t\t<h2 class=\"elementor-heading-title elementor-size-default\">Wir sind zuverl\u00e4ssige Partner<\/h2>\t\t\t\t<\/div>\n\t\t\t\t<\/div>\n\t\t\t\t<div class=\"elementor-element elementor-element-562b1a1b elementor-widget elementor-widget-text-editor\" data-id=\"562b1a1b\" data-element_type=\"widget\" data-e-type=\"widget\" data-widget_type=\"text-editor.default\">\n\t\t\t\t<div class=\"elementor-widget-container\">\n\t\t\t\t\t\t\t\t\t<p>Einige Beispiele f\u00fcr unsere Referenzen, die unsere Arbeit und unser Engagement f\u00fcr unsere Dienstleistungen widerspiegeln. Diese Referenzen sind f\u00fcr uns ein Ansporn, uns st\u00e4ndig zu verbessern und hohe Qualit\u00e4tsstandards zu halten.<\/p>\n\t\t\t\t\t\t\t\t<\/div>\n\t\t\t\t<\/div>\n\t\t\t\t<div class=\"elementor-element elementor-element-32e7778 elementor-widget elementor-widget-button\" data-id=\"32e7778\" data-element_type=\"widget\" data-e-type=\"widget\" data-widget_type=\"button.default\">\n\t\t\t\t<div class=\"elementor-widget-container\">\n\t\t\t\t\t\t\t\t\t<div class=\"elementor-button-wrapper\">\n\t\t\t\t\t<a class=\"elementor-button elementor-button-link elementor-size-md\" href=\"https:\/\/solargen.si\/de\/kontakt\/\">\n\t\t\t\t\t\t<span class=\"elementor-button-content-wrapper\">\n\t\t\t\t\t\t\t\t\t<span class=\"elementor-button-text\">KONTAKT<\/span>\n\t\t\t\t\t<\/span>\n\t\t\t\t\t<\/a>\n\t\t\t\t<\/div>\n\t\t\t\t\t\t\t\t<\/div>\n\t\t\t\t<\/div>\n\t\t\t\t\t<\/div>\n\t\t<\/div>\n\t\t\t\t<div class=\"elementor-column elementor-col-50 elementor-top-column elementor-element elementor-element-36602017\" data-id=\"36602017\" data-element_type=\"column\" data-e-type=\"column\" data-settings=\"{&quot;background_background&quot;:&quot;classic&quot;}\">\n\t\t\t<div class=\"elementor-widget-wrap elementor-element-populated\">\n\t\t\t\t\t\t<section class=\"elementor-section elementor-inner-section elementor-element elementor-element-16477a56 elementor-section-boxed elementor-section-height-default elementor-section-height-default\" data-id=\"16477a56\" data-element_type=\"section\" data-e-type=\"section\">\n\t\t\t\t\t\t<div class=\"elementor-container elementor-column-gap-default\">\n\t\t\t\t\t<div class=\"elementor-column elementor-col-50 elementor-inner-column elementor-element elementor-element-7fb0a1b6 elementor-invisible\" data-id=\"7fb0a1b6\" data-element_type=\"column\" data-e-type=\"column\" data-settings=\"{&quot;animation&quot;:&quot;fadeInUp&quot;}\">\n\t\t\t<div class=\"elementor-widget-wrap elementor-element-populated\">\n\t\t\t\t\t\t<div class=\"elementor-element elementor-element-38668492 elementor-invisible elementor-widget elementor-widget-counter\" data-id=\"38668492\" data-element_type=\"widget\" data-e-type=\"widget\" data-settings=\"{&quot;_animation&quot;:&quot;bounceIn&quot;}\" data-widget_type=\"counter.default\">\n\t\t\t\t<div class=\"elementor-widget-container\">\n\t\t\t\t\t\t\t<div class=\"elementor-counter\">\n\t\t\t<div class=\"elementor-counter-title\">zufriedene Kunden<\/div>\t\t\t<div class=\"elementor-counter-number-wrapper\">\n\t\t\t\t<span class=\"elementor-counter-number-prefix\"><\/span>\n\t\t\t\t<span class=\"elementor-counter-number\" data-duration=\"2000\" data-to-value=\"125\" data-from-value=\"0\" data-delimiter=\",\">0<\/span>\n\t\t\t\t<span class=\"elementor-counter-number-suffix\"><\/span>\n\t\t\t<\/div>\n\t\t<\/div>\n\t\t\t\t\t\t<\/div>\n\t\t\t\t<\/div>\n\t\t\t\t<div class=\"elementor-element elementor-element-32624b79 elementor-invisible elementor-widget elementor-widget-counter\" data-id=\"32624b79\" data-element_type=\"widget\" data-e-type=\"widget\" data-settings=\"{&quot;_animation&quot;:&quot;bounceIn&quot;}\" data-widget_type=\"counter.default\">\n\t\t\t\t<div class=\"elementor-widget-container\">\n\t\t\t\t\t\t\t<div class=\"elementor-counter\">\n\t\t\t<div class=\"elementor-counter-title\">Jahre Erfahrung<\/div>\t\t\t<div class=\"elementor-counter-number-wrapper\">\n\t\t\t\t<span class=\"elementor-counter-number-prefix\"><\/span>\n\t\t\t\t<span class=\"elementor-counter-number\" data-duration=\"2000\" data-to-value=\"16\" data-from-value=\"0\" data-delimiter=\",\">0<\/span>\n\t\t\t\t<span class=\"elementor-counter-number-suffix\"><\/span>\n\t\t\t<\/div>\n\t\t<\/div>\n\t\t\t\t\t\t<\/div>\n\t\t\t\t<\/div>\n\t\t\t\t\t<\/div>\n\t\t<\/div>\n\t\t\t\t<div class=\"elementor-column elementor-col-50 elementor-inner-column elementor-element elementor-element-2db09b50 elementor-invisible\" data-id=\"2db09b50\" data-element_type=\"column\" data-e-type=\"column\" data-settings=\"{&quot;background_background&quot;:&quot;classic&quot;,&quot;animation&quot;:&quot;fadeInDown&quot;}\">\n\t\t\t<div class=\"elementor-widget-wrap elementor-element-populated\">\n\t\t\t\t\t\t<div class=\"elementor-element elementor-element-213811d0 elementor-invisible elementor-widget elementor-widget-counter\" data-id=\"213811d0\" data-element_type=\"widget\" data-e-type=\"widget\" data-settings=\"{&quot;_animation&quot;:&quot;bounceIn&quot;}\" data-widget_type=\"counter.default\">\n\t\t\t\t<div class=\"elementor-widget-container\">\n\t\t\t\t\t\t\t<div class=\"elementor-counter\">\n\t\t\t<div class=\"elementor-counter-title\">abgeschlossene Projekte<\/div>\t\t\t<div class=\"elementor-counter-number-wrapper\">\n\t\t\t\t<span class=\"elementor-counter-number-prefix\"><\/span>\n\t\t\t\t<span class=\"elementor-counter-number\" data-duration=\"2000\" data-to-value=\"160\" data-from-value=\"0\" data-delimiter=\",\">0<\/span>\n\t\t\t\t<span class=\"elementor-counter-number-suffix\"><\/span>\n\t\t\t<\/div>\n\t\t<\/div>\n\t\t\t\t\t\t<\/div>\n\t\t\t\t<\/div>\n\t\t\t\t\t<\/div>\n\t\t<\/div>\n\t\t\t\t\t<\/div>\n\t\t<\/section>\n\t\t\t\t\t<\/div>\n\t\t<\/div>\n\t\t\t\t\t<\/div>\n\t\t<\/section>\n\t\t\t\t<section class=\"elementor-section elementor-top-section elementor-element elementor-element-3d819fc9 elementor-section-boxed elementor-section-height-default elementor-section-height-default\" data-id=\"3d819fc9\" data-element_type=\"section\" data-e-type=\"section\">\n\t\t\t\t\t\t<div class=\"elementor-container elementor-column-gap-default\">\n\t\t\t\t\t<div class=\"elementor-column elementor-col-100 elementor-top-column elementor-element elementor-element-644ac04a\" data-id=\"644ac04a\" data-element_type=\"column\" data-e-type=\"column\">\n\t\t\t<div class=\"elementor-widget-wrap elementor-element-populated\">\n\t\t\t\t\t\t<section class=\"elementor-section elementor-inner-section elementor-element elementor-element-692158a7 elementor-section-boxed elementor-section-height-default elementor-section-height-default\" data-id=\"692158a7\" data-element_type=\"section\" data-e-type=\"section\">\n\t\t\t\t\t\t<div class=\"elementor-container elementor-column-gap-default\">\n\t\t\t\t\t<div class=\"elementor-column elementor-col-100 elementor-inner-column elementor-element elementor-element-34f91d2d\" data-id=\"34f91d2d\" data-element_type=\"column\" data-e-type=\"column\">\n\t\t\t<div class=\"elementor-widget-wrap elementor-element-populated\">\n\t\t\t\t\t\t<div class=\"elementor-element elementor-element-386e1097 elementor-widget elementor-widget-heading\" data-id=\"386e1097\" data-element_type=\"widget\" data-e-type=\"widget\" data-widget_type=\"heading.default\">\n\t\t\t\t<div class=\"elementor-widget-container\">\n\t\t\t\t\t<h6 class=\"elementor-heading-title elementor-size-default\">Referenzen<\/h6>\t\t\t\t<\/div>\n\t\t\t\t<\/div>\n\t\t\t\t<div class=\"elementor-element elementor-element-193325b8 elementor-widget elementor-widget-heading\" data-id=\"193325b8\" data-element_type=\"widget\" data-e-type=\"widget\" data-widget_type=\"heading.default\">\n\t\t\t\t<div class=\"elementor-widget-container\">\n\t\t\t\t\t<h2 class=\"elementor-heading-title elementor-size-default\">Unsere bisherigen Referenzen<\/h2>\t\t\t\t<\/div>\n\t\t\t\t<\/div>\n\t\t\t\t<div class=\"elementor-element elementor-element-716c3833 elementor-widget elementor-widget-text-editor\" data-id=\"716c3833\" data-element_type=\"widget\" data-e-type=\"widget\" data-widget_type=\"text-editor.default\">\n\t\t\t\t<div class=\"elementor-widget-container\">\n\t\t\t\t\t\t\t\t\t<p>Wir sind stolz auf unsere Arbeit und zufriedene Kunden sind unsere beste Referenz.<\/p>\n\t\t\t\t\t\t\t\t<\/div>\n\t\t\t\t<\/div>\n\t\t\t\t\t<\/div>\n\t\t<\/div>\n\t\t\t\t\t<\/div>\n\t\t<\/section>\n\t\t\t\t\t<\/div>\n\t\t<\/div>\n\t\t\t\t\t<\/div>\n\t\t<\/section>\n\t\t\t\t<section class=\"elementor-section elementor-top-section elementor-element elementor-element-105c560c elementor-section-boxed elementor-section-height-default elementor-section-height-default\" data-id=\"105c560c\" data-element_type=\"section\" data-e-type=\"section\">\n\t\t\t\t\t\t<div class=\"elementor-container elementor-column-gap-default\">\n\t\t\t\t\t<div class=\"elementor-column elementor-col-100 elementor-top-column elementor-element elementor-element-76a4d1b1\" data-id=\"76a4d1b1\" data-element_type=\"column\" data-e-type=\"column\">\n\t\t\t<div class=\"elementor-widget-wrap elementor-element-populated\">\n\t\t\t\t\t\t<section class=\"elementor-section elementor-inner-section elementor-element elementor-element-32a38a4f elementor-section-boxed elementor-section-height-default elementor-section-height-default\" data-id=\"32a38a4f\" data-element_type=\"section\" data-e-type=\"section\">\n\t\t\t\t\t\t<div class=\"elementor-container elementor-column-gap-default\">\n\t\t\t\t\t<div class=\"elementor-column elementor-col-25 elementor-inner-column elementor-element elementor-element-6e275791 elementor-invisible\" data-id=\"6e275791\" data-element_type=\"column\" data-e-type=\"column\" data-settings=\"{&quot;background_background&quot;:&quot;classic&quot;,&quot;animation&quot;:&quot;fadeInDown&quot;}\">\n\t\t\t<div class=\"elementor-widget-wrap elementor-element-populated\">\n\t\t\t\t\t\t<div class=\"elementor-element elementor-element-c477b49 elementor-widget elementor-widget-image\" data-id=\"c477b49\" data-element_type=\"widget\" data-e-type=\"widget\" data-widget_type=\"image.default\">\n\t\t\t\t<div class=\"elementor-widget-container\">\n\t\t\t\t\t\t\t\t\t\t\t\t\t\t\t<img fetchpriority=\"high\" decoding=\"async\" width=\"450\" height=\"300\" src=\"https:\/\/solargen.si\/wp-content\/uploads\/2023\/08\/logo-1.jpg\" class=\"attachment-large size-large wp-image-371\" alt=\"\" srcset=\"https:\/\/solargen.si\/wp-content\/uploads\/2023\/08\/logo-1.jpg 450w, https:\/\/solargen.si\/wp-content\/uploads\/2023\/08\/logo-1-300x200.jpg 300w\" sizes=\"(max-width: 450px) 100vw, 450px\" \/>\t\t\t\t\t\t\t\t\t\t\t\t\t\t\t<\/div>\n\t\t\t\t<\/div>\n\t\t\t\t\t<\/div>\n\t\t<\/div>\n\t\t\t\t<div class=\"elementor-column elementor-col-25 elementor-inner-column elementor-element elementor-element-2dbdc3d7 elementor-invisible\" data-id=\"2dbdc3d7\" data-element_type=\"column\" data-e-type=\"column\" data-settings=\"{&quot;background_background&quot;:&quot;classic&quot;,&quot;animation&quot;:&quot;fadeInDown&quot;}\">\n\t\t\t<div class=\"elementor-widget-wrap elementor-element-populated\">\n\t\t\t\t\t\t<div class=\"elementor-element elementor-element-1f88ad0 elementor-widget elementor-widget-image\" data-id=\"1f88ad0\" data-element_type=\"widget\" data-e-type=\"widget\" data-widget_type=\"image.default\">\n\t\t\t\t<div class=\"elementor-widget-container\">\n\t\t\t\t\t\t\t\t\t\t\t\t\t\t\t<img decoding=\"async\" width=\"450\" height=\"300\" src=\"https:\/\/solargen.si\/wp-content\/uploads\/2023\/08\/logo-2.jpg\" class=\"attachment-large size-large wp-image-373\" alt=\"\" srcset=\"https:\/\/solargen.si\/wp-content\/uploads\/2023\/08\/logo-2.jpg 450w, https:\/\/solargen.si\/wp-content\/uploads\/2023\/08\/logo-2-300x200.jpg 300w\" sizes=\"(max-width: 450px) 100vw, 450px\" \/>\t\t\t\t\t\t\t\t\t\t\t\t\t\t\t<\/div>\n\t\t\t\t<\/div>\n\t\t\t\t\t<\/div>\n\t\t<\/div>\n\t\t\t\t<div class=\"elementor-column elementor-col-25 elementor-inner-column elementor-element elementor-element-20e5bbb6 elementor-invisible\" data-id=\"20e5bbb6\" data-element_type=\"column\" data-e-type=\"column\" data-settings=\"{&quot;background_background&quot;:&quot;classic&quot;,&quot;animation&quot;:&quot;fadeInDown&quot;}\">\n\t\t\t<div class=\"elementor-widget-wrap elementor-element-populated\">\n\t\t\t\t\t\t<div class=\"elementor-element elementor-element-8a4dbfb elementor-widget elementor-widget-image\" data-id=\"8a4dbfb\" data-element_type=\"widget\" data-e-type=\"widget\" data-widget_type=\"image.default\">\n\t\t\t\t<div class=\"elementor-widget-container\">\n\t\t\t\t\t\t\t\t\t\t\t\t\t\t\t<img decoding=\"async\" width=\"450\" height=\"300\" src=\"https:\/\/solargen.si\/wp-content\/uploads\/2023\/08\/logo-3.jpg\" class=\"attachment-large size-large wp-image-375\" alt=\"\" srcset=\"https:\/\/solargen.si\/wp-content\/uploads\/2023\/08\/logo-3.jpg 450w, https:\/\/solargen.si\/wp-content\/uploads\/2023\/08\/logo-3-300x200.jpg 300w\" sizes=\"(max-width: 450px) 100vw, 450px\" \/>\t\t\t\t\t\t\t\t\t\t\t\t\t\t\t<\/div>\n\t\t\t\t<\/div>\n\t\t\t\t\t<\/div>\n\t\t<\/div>\n\t\t\t\t<div class=\"elementor-column elementor-col-25 elementor-inner-column elementor-element elementor-element-14c22c49 elementor-invisible\" data-id=\"14c22c49\" data-element_type=\"column\" data-e-type=\"column\" data-settings=\"{&quot;background_background&quot;:&quot;classic&quot;,&quot;animation&quot;:&quot;fadeInDown&quot;}\">\n\t\t\t<div class=\"elementor-widget-wrap elementor-element-populated\">\n\t\t\t\t\t\t<div class=\"elementor-element elementor-element-fb76167 elementor-widget elementor-widget-image\" data-id=\"fb76167\" data-element_type=\"widget\" data-e-type=\"widget\" data-widget_type=\"image.default\">\n\t\t\t\t<div class=\"elementor-widget-container\">\n\t\t\t\t\t\t\t\t\t\t\t\t\t\t\t<img loading=\"lazy\" decoding=\"async\" width=\"450\" height=\"300\" src=\"https:\/\/solargen.si\/wp-content\/uploads\/2023\/08\/logo-4.jpg\" class=\"attachment-large size-large wp-image-377\" alt=\"\" srcset=\"https:\/\/solargen.si\/wp-content\/uploads\/2023\/08\/logo-4.jpg 450w, https:\/\/solargen.si\/wp-content\/uploads\/2023\/08\/logo-4-300x200.jpg 300w\" sizes=\"(max-width: 450px) 100vw, 450px\" \/>\t\t\t\t\t\t\t\t\t\t\t\t\t\t\t<\/div>\n\t\t\t\t<\/div>\n\t\t\t\t\t<\/div>\n\t\t<\/div>\n\t\t\t\t\t<\/div>\n\t\t<\/section>\n\t\t\t\t<div class=\"elementor-element elementor-element-eeec0f1 elementor-widget elementor-widget-text-editor\" data-id=\"eeec0f1\" data-element_type=\"widget\" data-e-type=\"widget\" data-widget_type=\"text-editor.default\">\n\t\t\t\t<div class=\"elementor-widget-container\">\n\t\t\t\t\t\t\t\t\t<ul><li>BMW (Dingolfing, Muenchen, Spartanburg)<\/li><li>Deimler (Hambach)<\/li><li>Porsche (Leipzig)<\/li><li>Audi (Gyor)<\/li><li>Rofa (Timisoara)<\/li><li>Ferrero (Hangzhou)<\/li><li>Danone (Wexford, Estia, Fulda)<\/li><li>Flexlink (Poznan, Offenbach)<\/li><li>Wacker Chemie (Burghausen)<\/li><li>Tesla (Gigafactory)<\/li><li>Beiersdorf (Waldheim)<\/li><li>MAN (Dingolfing)<\/li><li>Kinderkrankenhaus (Salzburg)Augenklinik (Essen)<\/li><li>Lilly (Deutschland, Frankreich, USA)<\/li><li>Lifescience (Frankreich, Schweiz, \u00d6sterreich)<\/li><li>Verschiedene Wohn-, B\u00fcro- und Gesch\u00e4ftsgeb\u00e4ude in der EU<\/li><li>Verschiedene Photovoltaik-Kraftwerke in der EU<\/li><li>und andere<\/li><\/ul>\t\t\t\t\t\t\t\t<\/div>\n\t\t\t\t<\/div>\n\t\t\t\t\t<\/div>\n\t\t<\/div>\n\t\t\t\t\t<\/div>\n\t\t<\/section>\n\t\t\t\t<\/div>\n\t\t","protected":false},"excerpt":{"rendered":"<p>Unsere Referenzerfolge: Qualit\u00e4t, die \u00fcberzeugt! Unsere Referenzen Wir sind zuverl\u00e4ssige Partner Einige Beispiele f\u00fcr unsere Referenzen, die unsere Arbeit und unser Engagement f\u00fcr unsere Dienstleistungen widerspiegeln. Diese Referenzen sind f\u00fcr uns ein Ansporn, uns st\u00e4ndig zu verbessern und hohe Qualit\u00e4tsstandards zu halten. KONTAKT zufriedene Kunden 0 Jahre Erfahrung 0 abgeschlossene Projekte 0 Referenzen Unsere bisherigen [&hellip;]<\/p>\n","protected":false},"author":1,"featured_media":0,"parent":0,"menu_order":0,"comment_status":"closed","ping_status":"closed","template":"elementor_header_footer","meta":{"footnotes":""},"class_list":["post-456","page","type-page","status-publish","hentry"],"yoast_head":"<!-- This site is optimized with the Yoast SEO plugin v27.4 - https:\/\/yoast.com\/product\/yoast-seo-wordpress\/ -->\n<title>Referenz - Solargen<\/title>\n<meta name=\"robots\" content=\"index, follow, max-snippet:-1, max-image-preview:large, max-video-preview:-1\" \/>\n<link rel=\"canonical\" href=\"https:\/\/solargen.si\/de\/referenz\/\" \/>\n<meta property=\"og:locale\" content=\"de_DE\" \/>\n<meta property=\"og:type\" content=\"article\" \/>\n<meta property=\"og:title\" content=\"Referenz - Solargen\" \/>\n<meta property=\"og:description\" content=\"Unsere Referenzerfolge: Qualit\u00e4t, die \u00fcberzeugt! Unsere Referenzen Wir sind zuverl\u00e4ssige Partner Einige Beispiele f\u00fcr unsere Referenzen, die unsere Arbeit und unser Engagement f\u00fcr unsere Dienstleistungen widerspiegeln. Diese Referenzen sind f\u00fcr uns ein Ansporn, uns st\u00e4ndig zu verbessern und hohe Qualit\u00e4tsstandards zu halten. KONTAKT zufriedene Kunden 0 Jahre Erfahrung 0 abgeschlossene Projekte 0 Referenzen Unsere bisherigen [&hellip;]\" \/>\n<meta property=\"og:url\" content=\"https:\/\/solargen.si\/de\/referenz\/\" \/>\n<meta property=\"og:site_name\" content=\"Solargen\" \/>\n<meta property=\"article:modified_time\" content=\"2024-08-19T11:13:57+00:00\" \/>\n<meta property=\"og:image\" content=\"https:\/\/solargen.si\/wp-content\/uploads\/2023\/08\/logo-1.jpg\" \/>\n<meta name=\"twitter:card\" content=\"summary_large_image\" \/>\n<meta name=\"twitter:label1\" content=\"Gesch\u00e4tzte Lesezeit\" \/>\n\t<meta name=\"twitter:data1\" content=\"2\u00a0Minuten\" \/>\n<script type=\"application\/ld+json\" class=\"yoast-schema-graph\">{\"@context\":\"https:\\\/\\\/schema.org\",\"@graph\":[{\"@type\":\"WebPage\",\"@id\":\"https:\\\/\\\/solargen.si\\\/de\\\/referenz\\\/\",\"url\":\"https:\\\/\\\/solargen.si\\\/de\\\/referenz\\\/\",\"name\":\"Referenz - Solargen\",\"isPartOf\":{\"@id\":\"https:\\\/\\\/solargen.si\\\/#website\"},\"primaryImageOfPage\":{\"@id\":\"https:\\\/\\\/solargen.si\\\/de\\\/referenz\\\/#primaryimage\"},\"image\":{\"@id\":\"https:\\\/\\\/solargen.si\\\/de\\\/referenz\\\/#primaryimage\"},\"thumbnailUrl\":\"https:\\\/\\\/solargen.si\\\/wp-content\\\/uploads\\\/2023\\\/08\\\/logo-1.jpg\",\"datePublished\":\"2023-08-28T20:14:12+00:00\",\"dateModified\":\"2024-08-19T11:13:57+00:00\",\"breadcrumb\":{\"@id\":\"https:\\\/\\\/solargen.si\\\/de\\\/referenz\\\/#breadcrumb\"},\"inLanguage\":\"de\",\"potentialAction\":[{\"@type\":\"ReadAction\",\"target\":[\"https:\\\/\\\/solargen.si\\\/de\\\/referenz\\\/\"]}]},{\"@type\":\"ImageObject\",\"inLanguage\":\"de\",\"@id\":\"https:\\\/\\\/solargen.si\\\/de\\\/referenz\\\/#primaryimage\",\"url\":\"https:\\\/\\\/solargen.si\\\/wp-content\\\/uploads\\\/2023\\\/08\\\/logo-1.jpg\",\"contentUrl\":\"https:\\\/\\\/solargen.si\\\/wp-content\\\/uploads\\\/2023\\\/08\\\/logo-1.jpg\"},{\"@type\":\"BreadcrumbList\",\"@id\":\"https:\\\/\\\/solargen.si\\\/de\\\/referenz\\\/#breadcrumb\",\"itemListElement\":[{\"@type\":\"ListItem\",\"position\":1,\"name\":\"Home\",\"item\":\"https:\\\/\\\/solargen.si\\\/de\\\/\"},{\"@type\":\"ListItem\",\"position\":2,\"name\":\"Referenz\"}]},{\"@type\":\"WebSite\",\"@id\":\"https:\\\/\\\/solargen.si\\\/#website\",\"url\":\"https:\\\/\\\/solargen.si\\\/\",\"name\":\"Solargen\",\"description\":\"\",\"potentialAction\":[{\"@type\":\"SearchAction\",\"target\":{\"@type\":\"EntryPoint\",\"urlTemplate\":\"https:\\\/\\\/solargen.si\\\/?s={search_term_string}\"},\"query-input\":{\"@type\":\"PropertyValueSpecification\",\"valueRequired\":true,\"valueName\":\"search_term_string\"}}],\"inLanguage\":\"de\"}]}<\/script>\n<!-- \/ Yoast SEO plugin. -->","yoast_head_json":{"title":"Referenz - Solargen","robots":{"index":"index","follow":"follow","max-snippet":"max-snippet:-1","max-image-preview":"max-image-preview:large","max-video-preview":"max-video-preview:-1"},"canonical":"https:\/\/solargen.si\/de\/referenz\/","og_locale":"de_DE","og_type":"article","og_title":"Referenz - Solargen","og_description":"Unsere Referenzerfolge: Qualit\u00e4t, die \u00fcberzeugt! Unsere Referenzen Wir sind zuverl\u00e4ssige Partner Einige Beispiele f\u00fcr unsere Referenzen, die unsere Arbeit und unser Engagement f\u00fcr unsere Dienstleistungen widerspiegeln. Diese Referenzen sind f\u00fcr uns ein Ansporn, uns st\u00e4ndig zu verbessern und hohe Qualit\u00e4tsstandards zu halten. KONTAKT zufriedene Kunden 0 Jahre Erfahrung 0 abgeschlossene Projekte 0 Referenzen Unsere bisherigen [&hellip;]","og_url":"https:\/\/solargen.si\/de\/referenz\/","og_site_name":"Solargen","article_modified_time":"2024-08-19T11:13:57+00:00","og_image":[{"url":"https:\/\/solargen.si\/wp-content\/uploads\/2023\/08\/logo-1.jpg","type":"","width":"","height":""}],"twitter_card":"summary_large_image","twitter_misc":{"Gesch\u00e4tzte Lesezeit":"2\u00a0Minuten"},"schema":{"@context":"https:\/\/schema.org","@graph":[{"@type":"WebPage","@id":"https:\/\/solargen.si\/de\/referenz\/","url":"https:\/\/solargen.si\/de\/referenz\/","name":"Referenz - Solargen","isPartOf":{"@id":"https:\/\/solargen.si\/#website"},"primaryImageOfPage":{"@id":"https:\/\/solargen.si\/de\/referenz\/#primaryimage"},"image":{"@id":"https:\/\/solargen.si\/de\/referenz\/#primaryimage"},"thumbnailUrl":"https:\/\/solargen.si\/wp-content\/uploads\/2023\/08\/logo-1.jpg","datePublished":"2023-08-28T20:14:12+00:00","dateModified":"2024-08-19T11:13:57+00:00","breadcrumb":{"@id":"https:\/\/solargen.si\/de\/referenz\/#breadcrumb"},"inLanguage":"de","potentialAction":[{"@type":"ReadAction","target":["https:\/\/solargen.si\/de\/referenz\/"]}]},{"@type":"ImageObject","inLanguage":"de","@id":"https:\/\/solargen.si\/de\/referenz\/#primaryimage","url":"https:\/\/solargen.si\/wp-content\/uploads\/2023\/08\/logo-1.jpg","contentUrl":"https:\/\/solargen.si\/wp-content\/uploads\/2023\/08\/logo-1.jpg"},{"@type":"BreadcrumbList","@id":"https:\/\/solargen.si\/de\/referenz\/#breadcrumb","itemListElement":[{"@type":"ListItem","position":1,"name":"Home","item":"https:\/\/solargen.si\/de\/"},{"@type":"ListItem","position":2,"name":"Referenz"}]},{"@type":"WebSite","@id":"https:\/\/solargen.si\/#website","url":"https:\/\/solargen.si\/","name":"Solargen","description":"","potentialAction":[{"@type":"SearchAction","target":{"@type":"EntryPoint","urlTemplate":"https:\/\/solargen.si\/?s={search_term_string}"},"query-input":{"@type":"PropertyValueSpecification","valueRequired":true,"valueName":"search_term_string"}}],"inLanguage":"de"}]}},"_links":{"self":[{"href":"https:\/\/solargen.si\/de\/wp-json\/wp\/v2\/pages\/456","targetHints":{"allow":["GET"]}}],"collection":[{"href":"https:\/\/solargen.si\/de\/wp-json\/wp\/v2\/pages"}],"about":[{"href":"https:\/\/solargen.si\/de\/wp-json\/wp\/v2\/types\/page"}],"author":[{"embeddable":true,"href":"https:\/\/solargen.si\/de\/wp-json\/wp\/v2\/users\/1"}],"replies":[{"embeddable":true,"href":"https:\/\/solargen.si\/de\/wp-json\/wp\/v2\/comments?post=456"}],"version-history":[{"count":17,"href":"https:\/\/solargen.si\/de\/wp-json\/wp\/v2\/pages\/456\/revisions"}],"predecessor-version":[{"id":617,"href":"https:\/\/solargen.si\/de\/wp-json\/wp\/v2\/pages\/456\/revisions\/617"}],"wp:attachment":[{"href":"https:\/\/solargen.si\/de\/wp-json\/wp\/v2\/media?parent=456"}],"curies":[{"name":"wp","href":"https:\/\/api.w.org\/{rel}","templated":true}]}}